{"id":1943,"date":"2022-04-19T10:11:21","date_gmt":"2022-04-19T08:11:21","guid":{"rendered":"https:\/\/eastdk.com\/durabilite\/responsabilite-sociale\/"},"modified":"2022-04-19T10:11:21","modified_gmt":"2022-04-19T08:11:21","slug":"responsabilite-sociale","status":"publish","type":"page","link":"https:\/\/eastdk.com\/fr\/durabilite\/responsabilite-sociale\/","title":{"rendered":"Responsabilit\u00e9 sociale"},"content":{"rendered":"<div id=\"pl-1943\"  class=\"panel-layout\" ><div id=\"pg-1943-0\"  class=\"panel-grid panel-has-style\" ><div class=\"height siteorigin-panels-stretch panel-row-style panel-row-style-for-1943-0\" data-stretch-type=\"full\" ><div id=\"pgc-1943-0-0\"  class=\"panel-grid-cell\" ><div id=\"panel-1943-0-0-0\" class=\"so-panel widget widget_sow-editor panel-first-child panel-last-child\" data-index=\"0\" ><div\n\t\t\t\n\t\t\tclass=\"so-widget-sow-editor so-widget-sow-editor-base\"\n\t\t\t\n\t\t>\n<div class=\"siteorigin-widget-tinymce textwidget\">\n\t<h2>Responsabilit\u00e9 sociale<\/h2>\n<p>La responsabilit\u00e9 sociale a toujours \u00e9t\u00e9 une part importante de nos activit\u00e9s.<\/p>\n<p>Cela s\u2019applique tant aux plus de 210 employ\u00e9s d\u00e9vou\u00e9s d\u2019EAST travaillant dans nos bureaux qu\u2019\u00e0 nos employ\u00e9s indirects qui travaillent dans les usines o\u00f9 se d\u00e9roule la production.<\/p>\n<\/div>\n<\/div><\/div><\/div><div id=\"pgc-1943-0-1\"  class=\"panel-grid-cell\" ><div id=\"panel-1943-0-1-0\" class=\"so-panel widget widget_sow-image panel-first-child panel-last-child\" data-index=\"1\" ><div\n\t\t\t\n\t\t\tclass=\"so-widget-sow-image so-widget-sow-image-default-4e6925654b7a-1943\"\n\t\t\t\n\t\t>\n<div class=\"sow-image-container\">\n\t\t<img \n\tsrc=\"https:\/\/eastdk.com\/wp-content\/uploads\/2025\/11\/Social_res.png\" width=\"700\" height=\"500\" srcset=\"https:\/\/eastdk.com\/wp-content\/uploads\/2025\/11\/Social_res.png 700w, https:\/\/eastdk.com\/wp-content\/uploads\/2025\/11\/Social_res-300x214.png 300w\" sizes=\"(max-width: 700px) 100vw, 700px\" alt=\"\" \t\tclass=\"so-widget-image\"\/>\n\t<\/div>\n\n<\/div><\/div><\/div><\/div><\/div><div id=\"pg-1943-1\"  class=\"panel-grid panel-has-style\" ><div class=\"height siteorigin-panels-stretch panel-row-style panel-row-style-for-1943-1\" data-stretch-type=\"full\" ><div id=\"pgc-1943-1-0\"  class=\"panel-grid-cell\" ><div id=\"panel-1943-1-0-0\" class=\"so-panel widget widget_sow-image panel-first-child panel-last-child\" data-index=\"2\" ><div\n\t\t\t\n\t\t\tclass=\"so-widget-sow-image so-widget-sow-image-default-4e6925654b7a-1943\"\n\t\t\t\n\t\t>\n<div class=\"sow-image-container\">\n\t\t<img \n\tsrc=\"https:\/\/eastdk.com\/wp-content\/uploads\/2025\/11\/Internal_res.png\" width=\"700\" height=\"500\" srcset=\"https:\/\/eastdk.com\/wp-content\/uploads\/2025\/11\/Internal_res.png 700w, https:\/\/eastdk.com\/wp-content\/uploads\/2025\/11\/Internal_res-300x214.png 300w\" sizes=\"(max-width: 700px) 100vw, 700px\" alt=\"\" \t\tclass=\"so-widget-image\"\/>\n\t<\/div>\n\n<\/div><\/div><\/div><div id=\"pgc-1943-1-1\"  class=\"panel-grid-cell\" ><div id=\"panel-1943-1-1-0\" class=\"so-panel widget widget_sow-editor panel-first-child panel-last-child\" data-index=\"3\" ><div\n\t\t\t\n\t\t\tclass=\"so-widget-sow-editor so-widget-sow-editor-base\"\n\t\t\t\n\t\t>\n<div class=\"siteorigin-widget-tinymce textwidget\">\n\t<h2>Responsabilit\u00e9 interne<\/h2>\n<p>Dans nos bureaux en Chine, nous mettons tout en \u0153uvre pour veiller \u00e0 l\u2019\u00e9panouissement de nos collaborateurs. La formation r\u00e9guli\u00e8re est une priorit\u00e9 pour nous afin de r\u00e9pondre au d\u00e9sir de nos employ\u00e9s de se d\u00e9velopper personnellement et professionnellement.<\/p>\n<p>Nous encourageons un \u00e9quilibre sain entre vie professionnelle et vie priv\u00e9e, c\u2019est pourquoi les heures suppl\u00e9mentaires ou le travail le week-end doivent \u00eatre approuv\u00e9s par la direction. Nous disposons d\u2019horaires de travail flexibles adapt\u00e9s aux besoins individuels de chaque employ\u00e9. Nos efforts constants se traduisent par la stabilit\u00e9 de notre personnel, dont beaucoup travaillent avec nous depuis de nombreuses ann\u00e9es.<\/p>\n<\/div>\n<\/div><\/div><\/div><\/div><\/div><div id=\"pg-1943-2\"  class=\"panel-grid panel-has-style\" ><div class=\"height siteorigin-panels-stretch panel-row-style panel-row-style-for-1943-2\" data-stretch-type=\"full\" ><div id=\"pgc-1943-2-0\"  class=\"panel-grid-cell\" ><div id=\"panel-1943-2-0-0\" class=\"so-panel widget widget_sow-editor panel-first-child panel-last-child\" data-index=\"4\" ><div\n\t\t\t\n\t\t\tclass=\"so-widget-sow-editor so-widget-sow-editor-base\"\n\t\t\t\n\t\t><h3 class=\"widget-title\">Responsabilit\u00e9 externe<\/h3>\n<div class=\"siteorigin-widget-tinymce textwidget\">\n\t<p>Des conditions de travail s\u00fbres et \u00e9quitables dans les usines rev\u00eatent pour nous une grande importance. Toutes les usines de niveau 1 ont re\u00e7u et sign\u00e9 notre Code de conduit<u>e<\/u> fournisseur et sont inspect\u00e9es trimestriellement selon nos normes internes par nos contr\u00f4leurs qualit\u00e9. S\u2019il existe des domaines qui ne sont pas \u00e0 la hauteur de nos exigences, nous effectuons un suivi toutes les quelques semaines jusqu\u2019\u00e0 ce que le probl\u00e8me soit r\u00e9solu.<\/p>\n<p>Notre programme d\u2019audit interne est bas\u00e9 sur la norme internationale BSCI.<\/p>\n<p>Nos fournisseurs s\u2019engagent \u00e0 transmettre nos normes \u00e9galement en ce qui concerne la cha\u00eene de valeur et \u00e0 veiller \u00e0 ce que nos normes soient \u00e9galement respect\u00e9es par leurs sous-traitants. Cependant, il s\u2019agit d\u2019un domaine dans lequel nous souhaitons accro\u00eetre le contr\u00f4le et nous travaillons donc continuellement \u00e0 identifier tous les processus et emplacements de l\u2019ensemble de la cha\u00eene de valeur.<\/p>\n<p>De plus, nous disposons d\u2019un syst\u00e8me d\u2019alerte, que vous trouverez au bas de cette page.<\/p>\n<\/div>\n<\/div><\/div><\/div><div id=\"pgc-1943-2-1\"  class=\"panel-grid-cell\" ><div id=\"panel-1943-2-1-0\" class=\"so-panel widget widget_sow-image panel-first-child panel-last-child\" data-index=\"5\" ><div\n\t\t\t\n\t\t\tclass=\"so-widget-sow-image so-widget-sow-image-default-4e6925654b7a-1943\"\n\t\t\t\n\t\t>\n<div class=\"sow-image-container\">\n\t\t<img \n\tsrc=\"https:\/\/eastdk.com\/wp-content\/uploads\/2025\/11\/External_res.png\" width=\"700\" height=\"500\" srcset=\"https:\/\/eastdk.com\/wp-content\/uploads\/2025\/11\/External_res.png 700w, https:\/\/eastdk.com\/wp-content\/uploads\/2025\/11\/External_res-300x214.png 300w\" sizes=\"(max-width: 700px) 100vw, 700px\" alt=\"\" \t\tclass=\"so-widget-image\"\/>\n\t<\/div>\n\n<\/div><\/div><\/div><\/div><\/div><div id=\"pg-1943-3\"  class=\"panel-grid panel-has-style\" ><div class=\"height siteorigin-panels-stretch panel-row-style panel-row-style-for-1943-3\" data-stretch-type=\"full\" ><div id=\"pgc-1943-3-0\"  class=\"panel-grid-cell\" ><div id=\"panel-1943-3-0-0\" class=\"so-panel widget widget_sow-image panel-first-child panel-last-child\" data-index=\"6\" ><div\n\t\t\t\n\t\t\tclass=\"so-widget-sow-image so-widget-sow-image-default-8b5b6f678277-1943\"\n\t\t\t\n\t\t><h3 class=\"widget-title\"><\/h3>\n<div class=\"sow-image-container\">\n\t\t<img \n\tsrc=\"https:\/\/eastdk.com\/wp-content\/uploads\/2025\/11\/HIGG.png\" width=\"700\" height=\"500\" srcset=\"https:\/\/eastdk.com\/wp-content\/uploads\/2025\/11\/HIGG.png 700w, https:\/\/eastdk.com\/wp-content\/uploads\/2025\/11\/HIGG-300x214.png 300w\" sizes=\"(max-width: 700px) 100vw, 700px\" alt=\"\" \t\tclass=\"so-widget-image\"\/>\n\t<\/div>\n\n<\/div><\/div><\/div><div id=\"pgc-1943-3-1\"  class=\"panel-grid-cell\" ><div id=\"panel-1943-3-1-0\" class=\"so-panel widget widget_sow-editor panel-first-child panel-last-child\" data-index=\"7\" ><div\n\t\t\t\n\t\t\tclass=\"so-widget-sow-editor so-widget-sow-editor-base\"\n\t\t\t\n\t\t>\n<div class=\"siteorigin-widget-tinymce textwidget\">\n\t<h2>AMFORI BSCI<\/h2>\n<p>EAST est membre d\u2019Amfori BSCI (Business Social Compliance Initiative) qui aide \u00e0 am\u00e9liorer les performances sociales dans les cha\u00eenes d\u2019approvisionnement mondiales dans des domaines tels que :<\/p>\n<ul>\n<li>Heures de travail et r\u00e9mun\u00e9ration \u00e9quitable<\/li>\n<li>Sant\u00e9 et s\u00e9curit\u00e9 au travail<\/li>\n<li>Travail des enfants et protection des jeunes travailleurs<\/li>\n<li>Travail forc\u00e9 ou obligatoire et emploi pr\u00e9caire<\/li>\n<li>Libert\u00e9 d\u2019association et n\u00e9gociation collective<\/li>\n<li>Comportement \u00e9thique des affaires<\/li>\n<li>Discrimination<\/li>\n<li>Protection de l\u2019environnement<\/li>\n<\/ul>\n<\/div>\n<\/div><\/div><\/div><\/div><\/div><\/div>","protected":false},"excerpt":{"rendered":"<p>Responsabilit\u00e9 sociale La responsabilit\u00e9 sociale a toujours \u00e9t\u00e9 une part importante de nos activit\u00e9s. Cela s\u2019applique tant aux plus de 210 employ\u00e9s d\u00e9vou\u00e9s d\u2019EAST travaillant dans nos bureaux qu\u2019\u00e0 nos employ\u00e9s indirects qui travaillent dans les usines o\u00f9 se d\u00e9roule la production. Responsabilit\u00e9 interne Dans nos bureaux en Chine, nous mettons tout en \u0153uvre pour [&hellip;]<\/p>\n","protected":false},"author":1,"featured_media":0,"parent":1927,"menu_order":0,"comment_status":"closed","ping_status":"closed","template":"templates\/template-full-width.php","meta":{"footnotes":""},"class_list":["post-1943","page","type-page","status-publish","hentry"],"yoast_head":"<!-- This site is optimized with the Yoast SEO plugin v27.3 - https:\/\/yoast.com\/product\/yoast-seo-wordpress\/ -->\n<title>Responsabilit\u00e9 sociale - EastDK<\/title>\n<meta name=\"robots\" content=\"index, follow, max-snippet:-1, max-image-preview:large, max-video-preview:-1\" \/>\n<link rel=\"canonical\" href=\"https:\/\/eastdk.com\/fr\/durabilite\/responsabilite-sociale\/\" \/>\n<meta property=\"og:locale\" content=\"fr_FR\" \/>\n<meta property=\"og:type\" content=\"article\" \/>\n<meta property=\"og:title\" content=\"Responsabilit\u00e9 sociale - EastDK\" \/>\n<meta property=\"og:description\" content=\"Responsabilit\u00e9 sociale La responsabilit\u00e9 sociale a toujours \u00e9t\u00e9 une part importante de nos activit\u00e9s. Cela s\u2019applique tant aux plus de 210 employ\u00e9s d\u00e9vou\u00e9s d\u2019EAST travaillant dans nos bureaux qu\u2019\u00e0 nos employ\u00e9s indirects qui travaillent dans les usines o\u00f9 se d\u00e9roule la production. Responsabilit\u00e9 interne Dans nos bureaux en Chine, nous mettons tout en \u0153uvre pour [&hellip;]\" \/>\n<meta property=\"og:url\" content=\"https:\/\/eastdk.com\/fr\/durabilite\/responsabilite-sociale\/\" \/>\n<meta property=\"og:site_name\" content=\"EastDK\" \/>\n<meta name=\"twitter:card\" content=\"summary_large_image\" \/>\n<script type=\"application\/ld+json\" class=\"yoast-schema-graph\">{\"@context\":\"https:\\\/\\\/schema.org\",\"@graph\":[{\"@type\":\"WebPage\",\"@id\":\"https:\\\/\\\/eastdk.com\\\/fr\\\/durabilite\\\/responsabilite-sociale\\\/\",\"url\":\"https:\\\/\\\/eastdk.com\\\/fr\\\/durabilite\\\/responsabilite-sociale\\\/\",\"name\":\"Responsabilit\u00e9 sociale - EastDK\",\"isPartOf\":{\"@id\":\"https:\\\/\\\/eastdk.com\\\/fr\\\/#website\"},\"datePublished\":\"2022-04-19T08:11:21+00:00\",\"breadcrumb\":{\"@id\":\"https:\\\/\\\/eastdk.com\\\/fr\\\/durabilite\\\/responsabilite-sociale\\\/#breadcrumb\"},\"inLanguage\":\"fr-FR\",\"potentialAction\":[{\"@type\":\"ReadAction\",\"target\":[\"https:\\\/\\\/eastdk.com\\\/fr\\\/durabilite\\\/responsabilite-sociale\\\/\"]}]},{\"@type\":\"BreadcrumbList\",\"@id\":\"https:\\\/\\\/eastdk.com\\\/fr\\\/durabilite\\\/responsabilite-sociale\\\/#breadcrumb\",\"itemListElement\":[{\"@type\":\"ListItem\",\"position\":1,\"name\":\"Durabilit\u00e9\",\"item\":\"https:\\\/\\\/eastdk.com\\\/fr\\\/durabilite\\\/\"},{\"@type\":\"ListItem\",\"position\":2,\"name\":\"Responsabilit\u00e9 sociale\"}]},{\"@type\":\"WebSite\",\"@id\":\"https:\\\/\\\/eastdk.com\\\/fr\\\/#website\",\"url\":\"https:\\\/\\\/eastdk.com\\\/fr\\\/\",\"name\":\"EastDK\",\"description\":\"\",\"publisher\":{\"@id\":\"https:\\\/\\\/eastdk.com\\\/fr\\\/#organization\"},\"potentialAction\":[{\"@type\":\"SearchAction\",\"target\":{\"@type\":\"EntryPoint\",\"urlTemplate\":\"https:\\\/\\\/eastdk.com\\\/fr\\\/?s={search_term_string}\"},\"query-input\":{\"@type\":\"PropertyValueSpecification\",\"valueRequired\":true,\"valueName\":\"search_term_string\"}}],\"inLanguage\":\"fr-FR\"},{\"@type\":\"Organization\",\"@id\":\"https:\\\/\\\/eastdk.com\\\/fr\\\/#organization\",\"name\":\"EastDK\",\"url\":\"https:\\\/\\\/eastdk.com\\\/fr\\\/\",\"logo\":{\"@type\":\"ImageObject\",\"inLanguage\":\"fr-FR\",\"@id\":\"https:\\\/\\\/eastdk.com\\\/fr\\\/#\\\/schema\\\/logo\\\/image\\\/\",\"url\":\"https:\\\/\\\/eastdk.com\\\/wp-content\\\/uploads\\\/2021\\\/06\\\/east-facebook.png\",\"contentUrl\":\"https:\\\/\\\/eastdk.com\\\/wp-content\\\/uploads\\\/2021\\\/06\\\/east-facebook.png\",\"width\":600,\"height\":314,\"caption\":\"EastDK\"},\"image\":{\"@id\":\"https:\\\/\\\/eastdk.com\\\/fr\\\/#\\\/schema\\\/logo\\\/image\\\/\"}}]}<\/script>\n<!-- \/ Yoast SEO plugin. -->","yoast_head_json":{"title":"Responsabilit\u00e9 sociale - EastDK","robots":{"index":"index","follow":"follow","max-snippet":"max-snippet:-1","max-image-preview":"max-image-preview:large","max-video-preview":"max-video-preview:-1"},"canonical":"https:\/\/eastdk.com\/fr\/durabilite\/responsabilite-sociale\/","og_locale":"fr_FR","og_type":"article","og_title":"Responsabilit\u00e9 sociale - EastDK","og_description":"Responsabilit\u00e9 sociale La responsabilit\u00e9 sociale a toujours \u00e9t\u00e9 une part importante de nos activit\u00e9s. Cela s\u2019applique tant aux plus de 210 employ\u00e9s d\u00e9vou\u00e9s d\u2019EAST travaillant dans nos bureaux qu\u2019\u00e0 nos employ\u00e9s indirects qui travaillent dans les usines o\u00f9 se d\u00e9roule la production. Responsabilit\u00e9 interne Dans nos bureaux en Chine, nous mettons tout en \u0153uvre pour [&hellip;]","og_url":"https:\/\/eastdk.com\/fr\/durabilite\/responsabilite-sociale\/","og_site_name":"EastDK","twitter_card":"summary_large_image","schema":{"@context":"https:\/\/schema.org","@graph":[{"@type":"WebPage","@id":"https:\/\/eastdk.com\/fr\/durabilite\/responsabilite-sociale\/","url":"https:\/\/eastdk.com\/fr\/durabilite\/responsabilite-sociale\/","name":"Responsabilit\u00e9 sociale - EastDK","isPartOf":{"@id":"https:\/\/eastdk.com\/fr\/#website"},"datePublished":"2022-04-19T08:11:21+00:00","breadcrumb":{"@id":"https:\/\/eastdk.com\/fr\/durabilite\/responsabilite-sociale\/#breadcrumb"},"inLanguage":"fr-FR","potentialAction":[{"@type":"ReadAction","target":["https:\/\/eastdk.com\/fr\/durabilite\/responsabilite-sociale\/"]}]},{"@type":"BreadcrumbList","@id":"https:\/\/eastdk.com\/fr\/durabilite\/responsabilite-sociale\/#breadcrumb","itemListElement":[{"@type":"ListItem","position":1,"name":"Durabilit\u00e9","item":"https:\/\/eastdk.com\/fr\/durabilite\/"},{"@type":"ListItem","position":2,"name":"Responsabilit\u00e9 sociale"}]},{"@type":"WebSite","@id":"https:\/\/eastdk.com\/fr\/#website","url":"https:\/\/eastdk.com\/fr\/","name":"EastDK","description":"","publisher":{"@id":"https:\/\/eastdk.com\/fr\/#organization"},"potentialAction":[{"@type":"SearchAction","target":{"@type":"EntryPoint","urlTemplate":"https:\/\/eastdk.com\/fr\/?s={search_term_string}"},"query-input":{"@type":"PropertyValueSpecification","valueRequired":true,"valueName":"search_term_string"}}],"inLanguage":"fr-FR"},{"@type":"Organization","@id":"https:\/\/eastdk.com\/fr\/#organization","name":"EastDK","url":"https:\/\/eastdk.com\/fr\/","logo":{"@type":"ImageObject","inLanguage":"fr-FR","@id":"https:\/\/eastdk.com\/fr\/#\/schema\/logo\/image\/","url":"https:\/\/eastdk.com\/wp-content\/uploads\/2021\/06\/east-facebook.png","contentUrl":"https:\/\/eastdk.com\/wp-content\/uploads\/2021\/06\/east-facebook.png","width":600,"height":314,"caption":"EastDK"},"image":{"@id":"https:\/\/eastdk.com\/fr\/#\/schema\/logo\/image\/"}}]}},"_links":{"self":[{"href":"https:\/\/eastdk.com\/fr\/wp-json\/wp\/v2\/pages\/1943","targetHints":{"allow":["GET"]}}],"collection":[{"href":"https:\/\/eastdk.com\/fr\/wp-json\/wp\/v2\/pages"}],"about":[{"href":"https:\/\/eastdk.com\/fr\/wp-json\/wp\/v2\/types\/page"}],"author":[{"embeddable":true,"href":"https:\/\/eastdk.com\/fr\/wp-json\/wp\/v2\/users\/1"}],"replies":[{"embeddable":true,"href":"https:\/\/eastdk.com\/fr\/wp-json\/wp\/v2\/comments?post=1943"}],"version-history":[{"count":0,"href":"https:\/\/eastdk.com\/fr\/wp-json\/wp\/v2\/pages\/1943\/revisions"}],"up":[{"embeddable":true,"href":"https:\/\/eastdk.com\/fr\/wp-json\/wp\/v2\/pages\/1927"}],"wp:attachment":[{"href":"https:\/\/eastdk.com\/fr\/wp-json\/wp\/v2\/media?parent=1943"}],"curies":[{"name":"wp","href":"https:\/\/api.w.org\/{rel}","templated":true}]}}